{"id":473,"date":"2020-11-13T09:53:08","date_gmt":"2020-11-13T09:53:08","guid":{"rendered":"http:\/\/ericsusandpartner.es\/administracion-de-fincas\/"},"modified":"2021-01-21T10:09:28","modified_gmt":"2021-01-21T10:09:28","slug":"eigentuemergemeinschaftsverwaltung","status":"publish","type":"page","link":"https:\/\/ericsusandpartner.es\/de\/eigentuemergemeinschaftsverwaltung\/","title":{"rendered":"EIGENT\u00dcMERGEMEINSCHAFTS VERWALTUNG"},"content":{"rendered":"[vc_row type=&#8220;in_container&#8220; full_screen_row_position=&#8220;middle&#8220; column_margin=&#8220;default&#8220; column_direction=&#8220;default&#8220; column_direction_tablet=&#8220;default&#8220; column_direction_phone=&#8220;default&#8220; scene_position=&#8220;center&#8220; text_color=&#8220;dark&#8220; text_align=&#8220;left&#8220; row_border_radius=&#8220;none&#8220; row_border_radius_applies=&#8220;bg&#8220; overlay_strength=&#8220;0.3&#8243; gradient_direction=&#8220;left_to_right&#8220; shape_divider_position=&#8220;bottom&#8220; bg_image_animation=&#8220;none&#8220;][vc_column column_padding=&#8220;no-extra-padding&#8220; column_padding_tablet=&#8220;inherit&#8220; column_padding_phone=&#8220;inherit&#8220; column_padding_position=&#8220;all&#8220; background_color_opacity=&#8220;1&#8243; background_hover_color_opacity=&#8220;1&#8243; column_shadow=&#8220;none&#8220; column_border_radius=&#8220;none&#8220; column_link_target=&#8220;_self&#8220; gradient_direction=&#8220;left_to_right&#8220; overlay_strength=&#8220;0.3&#8243; width=&#8220;1\/1&#8243; tablet_width_inherit=&#8220;default&#8220; tablet_text_alignment=&#8220;default&#8220; phone_text_alignment=&#8220;default&#8220; column_border_width=&#8220;none&#8220; column_border_style=&#8220;solid&#8220; bg_image_animation=&#8220;none&#8220;][vc_column_text]Verwalter, eingetragen bei der offiziellen Vereinigung der Immobilienverwaltung und Rechtsanwalt, eingetragen bei der illustren Vereinigung der Anw\u00e4lte der Balearen (ICAB).<\/p>\n<p>Leiter der Buchhaltungsabteilung mit Spezialisierung auf Tourismuswirtschaft.<\/p>\n<p>Kundendienst in Deutsch, Englisch, Spanisch und Katalanisch.<\/p>\n<p>M\u00f6glichkeit, Aufsichtsservice vor Ort und regelm\u00e4\u00dfige Besuche der Anlagen durch einen Spezialisten aus unserem Team.<\/p>\n<p>Verf\u00fcgbarkeit einer Notrufnummer und eines 24-Stunden-Kundendienstes.<\/p>\n<p>Kostenlose Rechtsberatung f\u00fcr die Gemeinschaft und Unterst\u00fctzung mit den Nachbarn und Beh\u00f6rden. Einreichung von Klagen, falls erforderlich.<\/p>\n<p>Beitreibungsmanagement von unbezahlten Rechnungen und Einreichung von Klagen bei Zahlungsverzug.<\/p>\n<p>Verwaltung der Schaden durch Gemeinschaftsversicherung.<\/p>\n<p>Dauerhafte \u00dcberwachung der Instandhaltung in einwandfreiem Zustand der Strukturen und jeder einzelnen ihrer Installationen.<\/p>\n<p>M\u00f6glichkeit der Abhaltung der Eigent\u00fcmerversammlungen in unserem B\u00fcro oder aus der Ferne.<\/p>\n<p>Vorbereitung der Einberufung und Abhaltung der Jahreshauptversammlung.<\/p>\n<p>Falls erforderlich, Ergreifung von dringenden Linderungsma\u00dfnahmen unter sofortiger Information der betroffenen Eigent\u00fcmer durch Einberufung und Abhaltung einer au\u00dferordentlichen Versammlung zu diesem Zweck.<\/p>\n<p>Erstellung des Budgets, j\u00e4hrliche Analyse und Untersuchung der ordentlichen und au\u00dferordentlichen Ausgaben der Gemeinschaft, mit dem Ziel, diese zu reduzieren und die Gemeinschaft so weit wie m\u00f6glich zu verbessern, ohne die Qualit\u00e4t der Dienstleistungen oder die Integrit\u00e4t ihrer Strukturen und Anlagen zu beeintr\u00e4chtigen.<\/p>\n<p>Erstellung des Jahresbudgets und Vorlage zur Wahl in der Eigent\u00fcmerversammlung sowie der jeweiligen Ausgaben- und\/oder Notfallpl\u00e4ne, die f\u00fcr jedes Gesch\u00e4ftsjahr vorgesehen sind, Vorschlag der entsprechenden Einzelgeb\u00fchren und deren Abrechnung am Jahresende.<\/p>\n<p>Abrechnung und Einzug der individuellen Geb\u00fchren als Beitrag zu den gemeinschaftlichen Kosten, sowie die entsprechenden und inh\u00e4renten Betr\u00e4ge des privaten Wasserverbrauchs eines jeden Eigent\u00fcmers gem\u00e4\u00df dem Ablesen seines Z\u00e4hlers oder anderer bestimmter Konzepte.<\/p>\n<p>M\u00f6glichkeit der individuellen Abrechnung der f\u00e4lligen Gemeinschaftskosten nach den von der Eigent\u00fcmerversammlung festgelegten Fristen.<\/p>\n<p>Zusammenstellung und vergleichende Analyse von Budgets f\u00fcr die Ausf\u00fchrung von Arbeiten und\/oder die Anpassung der entsprechenden, f\u00fcr die Gemeinschaft notwendigen Dienstleistungen.<\/p>\n<p>Ausf\u00fchrung der von der Eigent\u00fcmergemeinschaft genehmigten Vertr\u00e4ge.<\/p>\n<p>T\u00e4tigkeit als Sekret\u00e4r der Eigent\u00fcmergemeinschaft und Aufbewahrung und Bereitstellung aller die Gemeinschaft betreffenden Unterlagen (Protokollbuch, Rechnungen, etc.) f\u00fcr die Eigent\u00fcmer<\/p>\n<p>Website und mobile Anwendung (APP), die den Eigent\u00fcmern zur Verf\u00fcgung stehen, wo sie alle relevanten Unterlagen im Zusammenhang mit der Gemeinschaft finden k\u00f6nnen, wie z. B.: Protokolle, Liste der bezahlten Belege, Budgets usw.; oder ein Problem melden. Erm\u00f6glicht eine bessere und einfachere Interaktion zwischen den Eigent\u00fcmern und dem Verwalter.<\/p>\n<p>M\u00f6glichkeit, Abholung und Verteilung der Post.<\/p>\n<p>Andere erg\u00e4nzende Dienstleistungen zur Verwaltung der Immobilie (siehe weitere Dienstleistungen).[\/vc_column_text][\/vc_column][\/vc_row]\n","protected":false},"excerpt":{"rendered":"<p>[vc_row type=&#8220;in_container&#8220; full_screen_row_position=&#8220;middle&#8220; column_margin=&#8220;default&#8220; column_direction=&#8220;default&#8220; column_direction_tablet=&#8220;default&#8220; column_direction_phone=&#8220;default&#8220; scene_position=&#8220;center&#8220; text_color=&#8220;dark&#8220; text_align=&#8220;left&#8220; row_border_radius=&#8220;none&#8220; row_border_radius_applies=&#8220;bg&#8220; overlay_strength=&#8220;0.3&#8243; gradient_direction=&#8220;left_to_right&#8220; shape_divider_position=&#8220;bottom&#8220; bg_image_animation=&#8220;none&#8220;][vc_column column_padding=&#8220;no-extra-padding&#8220; column_padding_tablet=&#8220;inherit&#8220; column_padding_phone=&#8220;inherit&#8220; column_padding_position=&#8220;all&#8220; background_color_opacity=&#8220;1&#8243; background_hover_color_opacity=&#8220;1&#8243; column_shadow=&#8220;none&#8220; column_border_radius=&#8220;none&#8220; column_link_target=&#8220;_self&#8220; gradient_direction=&#8220;left_to_right&#8220; overlay_strength=&#8220;0.3&#8243; width=&#8220;1\/1&#8243; tablet_width_inherit=&#8220;default&#8220; tablet_text_alignment=&#8220;default&#8220;&#8230;<\/p>\n","protected":false},"author":1,"featured_media":0,"parent":0,"menu_order":0,"comment_status":"closed","ping_status":"closed","template":"","meta":{"footnotes":""},"class_list":["post-473","page","type-page","status-publish"],"aioseo_notices":[],"_links":{"self":[{"href":"https:\/\/ericsusandpartner.es\/de\/wp-json\/wp\/v2\/pages\/473","targetHints":{"allow":["GET"]}}],"collection":[{"href":"https:\/\/ericsusandpartner.es\/de\/wp-json\/wp\/v2\/pages"}],"about":[{"href":"https:\/\/ericsusandpartner.es\/de\/wp-json\/wp\/v2\/types\/page"}],"author":[{"embeddable":true,"href":"https:\/\/ericsusandpartner.es\/de\/wp-json\/wp\/v2\/users\/1"}],"replies":[{"embeddable":true,"href":"https:\/\/ericsusandpartner.es\/de\/wp-json\/wp\/v2\/comments?post=473"}],"version-history":[{"count":2,"href":"https:\/\/ericsusandpartner.es\/de\/wp-json\/wp\/v2\/pages\/473\/revisions"}],"predecessor-version":[{"id":539,"href":"https:\/\/ericsusandpartner.es\/de\/wp-json\/wp\/v2\/pages\/473\/revisions\/539"}],"wp:attachment":[{"href":"https:\/\/ericsusandpartner.es\/de\/wp-json\/wp\/v2\/media?parent=473"}],"curies":[{"name":"wp","href":"https:\/\/api.w.org\/{rel}","templated":true}]}}