{"id":477,"date":"2020-11-13T09:54:56","date_gmt":"2020-11-13T09:54:56","guid":{"rendered":"http:\/\/ericsusandpartner.es\/gestion-privada-de-inmuebles\/"},"modified":"2021-01-21T09:28:12","modified_gmt":"2021-01-21T09:28:12","slug":"privater-immobilienverwaltung","status":"publish","type":"page","link":"https:\/\/ericsusandpartner.es\/de\/privater-immobilienverwaltung\/","title":{"rendered":"PRIVATER IMMOBILIENVERWALTUNG"},"content":{"rendered":"[vc_row type=&#8220;in_container&#8220; full_screen_row_position=&#8220;middle&#8220; column_margin=&#8220;default&#8220; column_direction=&#8220;default&#8220; column_direction_tablet=&#8220;default&#8220; column_direction_phone=&#8220;default&#8220; scene_position=&#8220;center&#8220; text_color=&#8220;dark&#8220; text_align=&#8220;left&#8220; row_border_radius=&#8220;none&#8220; row_border_radius_applies=&#8220;bg&#8220; overlay_strength=&#8220;0.3&#8243; gradient_direction=&#8220;left_to_right&#8220; shape_divider_position=&#8220;bottom&#8220; bg_image_animation=&#8220;none&#8220;][vc_column column_padding=&#8220;no-extra-padding&#8220; column_padding_tablet=&#8220;inherit&#8220; column_padding_phone=&#8220;inherit&#8220; column_padding_position=&#8220;all&#8220; background_color_opacity=&#8220;1&#8243; background_hover_color_opacity=&#8220;1&#8243; column_shadow=&#8220;none&#8220; column_border_radius=&#8220;none&#8220; column_link_target=&#8220;_self&#8220; gradient_direction=&#8220;left_to_right&#8220; overlay_strength=&#8220;0.3&#8243; width=&#8220;1\/1&#8243; tablet_width_inherit=&#8220;default&#8220; tablet_text_alignment=&#8220;default&#8220; phone_text_alignment=&#8220;default&#8220; column_border_width=&#8220;none&#8220; column_border_style=&#8220;solid&#8220; bg_image_animation=&#8220;none&#8220;][vc_column_text]Aufsichtsservice vor Ort und regelm\u00e4\u00dfige Besuche der Anlagen durch einen Spezialisten aus unserem Team.<\/p>\n<p>24-Stunden-Service. Benachrichtigung des Kunden und sofortige Reaktion im Falle eines Notfalls oder eines ernsten und\/oder potenziell gef\u00e4hrlichen Problems.<\/p>\n<p>Kundenservice in Deutsch, Englisch, Spanisch und Katalanisch.<\/p>\n<p>Kostenlose rechtliche Beratung und Unterst\u00fctzung.<\/p>\n<p>Verwaltung und Koordination der notwendigen Dienstleistungen, um den optimalen Zustand Ihrer Immobilien zu gew\u00e4hrleisten. Zusammenstellung und Vergleich von Budgets f\u00fcr diese oder andere Dienstleistungen auf Wunsch des Eigent\u00fcmers, falls erforderlich.<\/p>\n<p>Verwaltung der Schaden durch Hausratsversicherung.<\/p>\n<p>Wir verf\u00fcgen \u00fcber eine gro\u00dfe Liste an unabh\u00e4ngigen Fachleuten mit umfangreicher Erfahrung in den folgenden erg\u00e4nzenden Dienstleistungen:<\/p>\n<p>&#8211; Gartenpflege und Poolpflege.<\/p>\n<p>&#8211; Reinigung.<\/p>\n<p>&#8211; Sicherheit und Feuerl\u00f6schung.<\/p>\n<p>&#8211; Spezialisten gegen Sch\u00e4dlinge und Erkennung von Wasserlecks.<\/p>\n<p>&#8211; TV, Satelitensch\u00fcssel und Glasfaser Installateur.<\/p>\n<p>&#8211; Klempner.<\/p>\n<p>&#8211; Elektriker.<\/p>\n<p>&#8211; Schlosser.<\/p>\n<p>&#8211; Tischler.<\/p>\n<p>&#8211; Maler.<\/p>\n<p>&#8211; Schornsteinfeger.<\/p>\n<p>&#8211; Architekten, Innenarchitekten und Bauherren.<\/p>\n<p>&#8211; Umz\u00fcge.<\/p>\n<p>&#8211; Sonstige Dienstleistungen\u2026<\/p>\n<p>M\u00f6glichkeit eines Vergleich und j\u00e4hrliche Kontrolle der Kosten, die mit der Immobilie verbunden sind (Wasser, Strom, Internet, Versicherung, Alarm usw.) auf Wunsch des Eigent\u00fcmers.<\/p>\n<p>Abholung der Post, falls erforderlich. Sofortige Benachrichtigung des Eigent\u00fcmers im Falle einer relevanten oder dringenden Mitteilung und anschlie\u00dfende Unterst\u00fctzung.<\/p>\n<p>Jede andere Anfrage des Eigent\u00fcmers vor seiner Ankunft im Haus, wie z.B.: Reinigung und Vorbereitung des Hauses, sofortige Hilfe bei Verlust oder Verlegung der Schl\u00fcssel w\u00e4hrend der Reise, Organisation und Buchung von privaten Transfers zum Flughafen, etc. ; und zus\u00e4tzliche Unterst\u00fctzung bereits am Zielort, wie z. B.: sofortige L\u00f6sung von Zwischenf\u00e4llen in der Wohnung und\/oder Planung und Verwaltung von Verbesserungen an der Wohnung, \u00dcbersetzungsdienste vor Ort, verschiedene Gesch\u00e4fte mit Beh\u00f6rden (Steuern, Verkehrsstrafen usw.), Dienstleistungsfirmas (Wasser, Strom, Glasfaser, Sicherheit, Transport usw.) und logistische und\/oder technologische Unterst\u00fctzung, um diese Gesch\u00e4fte durchzuf\u00fchren.<\/p>\n<p>M\u00f6glichkeit, die Vermietung der Immobilie zu verwalten (siehe andere Dienstleistungen).[\/vc_column_text][\/vc_column][\/vc_row]\n","protected":false},"excerpt":{"rendered":"<p>[vc_row type=&#8220;in_container&#8220; full_screen_row_position=&#8220;middle&#8220; column_margin=&#8220;default&#8220; column_direction=&#8220;default&#8220; column_direction_tablet=&#8220;default&#8220; column_direction_phone=&#8220;default&#8220; scene_position=&#8220;center&#8220; text_color=&#8220;dark&#8220; text_align=&#8220;left&#8220; row_border_radius=&#8220;none&#8220; row_border_radius_applies=&#8220;bg&#8220; overlay_strength=&#8220;0.3&#8243; gradient_direction=&#8220;left_to_right&#8220; shape_divider_position=&#8220;bottom&#8220; bg_image_animation=&#8220;none&#8220;][vc_column column_padding=&#8220;no-extra-padding&#8220; column_padding_tablet=&#8220;inherit&#8220; column_padding_phone=&#8220;inherit&#8220; column_padding_position=&#8220;all&#8220; background_color_opacity=&#8220;1&#8243; background_hover_color_opacity=&#8220;1&#8243; column_shadow=&#8220;none&#8220; column_border_radius=&#8220;none&#8220; column_link_target=&#8220;_self&#8220; gradient_direction=&#8220;left_to_right&#8220; overlay_strength=&#8220;0.3&#8243; width=&#8220;1\/1&#8243; tablet_width_inherit=&#8220;default&#8220; tablet_text_alignment=&#8220;default&#8220;&#8230;<\/p>\n","protected":false},"author":1,"featured_media":0,"parent":0,"menu_order":0,"comment_status":"closed","ping_status":"closed","template":"","meta":{"footnotes":""},"class_list":["post-477","page","type-page","status-publish"],"aioseo_notices":[],"_links":{"self":[{"href":"https:\/\/ericsusandpartner.es\/de\/wp-json\/wp\/v2\/pages\/477","targetHints":{"allow":["GET"]}}],"collection":[{"href":"https:\/\/ericsusandpartner.es\/de\/wp-json\/wp\/v2\/pages"}],"about":[{"href":"https:\/\/ericsusandpartner.es\/de\/wp-json\/wp\/v2\/types\/page"}],"author":[{"embeddable":true,"href":"https:\/\/ericsusandpartner.es\/de\/wp-json\/wp\/v2\/users\/1"}],"replies":[{"embeddable":true,"href":"https:\/\/ericsusandpartner.es\/de\/wp-json\/wp\/v2\/comments?post=477"}],"version-history":[{"count":1,"href":"https:\/\/ericsusandpartner.es\/de\/wp-json\/wp\/v2\/pages\/477\/revisions"}],"predecessor-version":[{"id":485,"href":"https:\/\/ericsusandpartner.es\/de\/wp-json\/wp\/v2\/pages\/477\/revisions\/485"}],"wp:attachment":[{"href":"https:\/\/ericsusandpartner.es\/de\/wp-json\/wp\/v2\/media?parent=477"}],"curies":[{"name":"wp","href":"https:\/\/api.w.org\/{rel}","templated":true}]}}