{"id":479,"date":"2020-11-13T09:54:23","date_gmt":"2020-11-13T09:54:23","guid":{"rendered":"http:\/\/ericsusandpartner.es\/gestion-de-alquileres\/"},"modified":"2021-01-21T09:33:01","modified_gmt":"2021-01-21T09:33:01","slug":"mietverwaltung","status":"publish","type":"page","link":"https:\/\/ericsusandpartner.es\/de\/mietverwaltung\/","title":{"rendered":"MIETVERWALTUNG"},"content":{"rendered":"[vc_row type=&#8220;in_container&#8220; full_screen_row_position=&#8220;middle&#8220; column_margin=&#8220;default&#8220; column_direction=&#8220;default&#8220; column_direction_tablet=&#8220;default&#8220; column_direction_phone=&#8220;default&#8220; scene_position=&#8220;center&#8220; text_color=&#8220;dark&#8220; text_align=&#8220;left&#8220; row_border_radius=&#8220;none&#8220; row_border_radius_applies=&#8220;bg&#8220; overlay_strength=&#8220;0.3&#8243; gradient_direction=&#8220;left_to_right&#8220; shape_divider_position=&#8220;bottom&#8220; bg_image_animation=&#8220;none&#8220;][vc_column column_padding=&#8220;no-extra-padding&#8220; column_padding_tablet=&#8220;inherit&#8220; column_padding_phone=&#8220;inherit&#8220; column_padding_position=&#8220;all&#8220; background_color_opacity=&#8220;1&#8243; background_hover_color_opacity=&#8220;1&#8243; column_shadow=&#8220;none&#8220; column_border_radius=&#8220;none&#8220; column_link_target=&#8220;_self&#8220; gradient_direction=&#8220;left_to_right&#8220; overlay_strength=&#8220;0.3&#8243; width=&#8220;1\/1&#8243; tablet_width_inherit=&#8220;default&#8220; tablet_text_alignment=&#8220;default&#8220; phone_text_alignment=&#8220;default&#8220; column_border_width=&#8220;none&#8220; column_border_style=&#8220;solid&#8220; bg_image_animation=&#8220;none&#8220;][vc_column_text]Wir suchen und w\u00e4hlen Mieter aus, die den Interessen des jeweiligen Eigent\u00fcmers entsprechen, wobei wir zu jeder Zeit ein H\u00f6chstma\u00df an Seriosit\u00e4t, Vertrauen und Engagement garantieren, um dem Eigent\u00fcmer die gr\u00f6\u00dfte Ruhe und Sicherheit zu bieten.<\/p>\n<p>Zu diesem Zweck f\u00fchren wir eine umfassende Vorarbeit zur Informationssammlung und zum Vergleich potenzieller Mieter durch und w\u00e4hlen die besten Profile zusammen mit dem Eigent\u00fcmer durch ein System pers\u00f6nlicher Gespr\u00e4che aus.<\/p>\n<p>Dar\u00fcber hinaus k\u00fcmmern wir uns um die Ausarbeitung von Mietvertr\u00e4gen sowie um die Abholung und die Kontrolle der Mietzahlungen zu den vereinbarten Terminen und Konditionen.<\/p>\n<p>Die Kundenbetreuung erfolgt in den Sprachen Deutsch, Englisch, Spanisch und Katalanisch.<\/p>\n<p>Wir bieten dem Eigent\u00fcmer Rechtsbeistand und Beratung im Falle der Verletzung einer der Vertragsklauseln durch den Mieter, bei illegaler Belegung oder Nichtbezahlung.<\/p>\n<p>Wir k\u00fcmmern uns auch um die Vorlage der entsprechenden gerichtlichen und\/oder au\u00dfergerichtlichen Anspr\u00fcche gegen den T\u00e4ter oder Schuldner.<\/p>\n<p>Dar\u00fcber hinaus bieten wir sowohl den Eigent\u00fcmern als auch ihren Mietern eine schnelle Reaktion und pers\u00f6nliche Betreuung im Falle eines Vorfalls oder eines unvorhergesehenen Problems in der Immobilie, das eine sofortige oder dringende L\u00f6sung erfordert; dadurch werden gr\u00f6\u00dfere Unannehmlichkeiten f\u00fcr die Eigent\u00fcmer in Bezug auf Reisen, Zeit und Aufwand vermieden.<\/p>\n<p>Schlie\u00dflich bieten wir die M\u00f6glichkeit, Hausversicherungen durch unsere Inmobilienabteilung einzustellen und zu verwalten, sowie andere Versicherungen, die zu den Immobilien und deren Inhalt (M\u00f6bel) geh\u00f6ren, wie z.B.: Haftpflichtversicherung (im Falle von Sch\u00e4den an Dritten) und\/oder Zahlungsausfallversicherung (f\u00fcr den Fall, dass der Mieter seinen Zahlungsverpflichtungen nicht nachkommt), die den Eigent\u00fcmern eine gr\u00f6\u00dfere Garantie und Sicherheit bieten, wenn sie sich entscheiden, ihre Immobilien zu vermieten.[\/vc_column_text][\/vc_column][\/vc_row]\n","protected":false},"excerpt":{"rendered":"<p>[vc_row type=&#8220;in_container&#8220; full_screen_row_position=&#8220;middle&#8220; column_margin=&#8220;default&#8220; column_direction=&#8220;default&#8220; column_direction_tablet=&#8220;default&#8220; column_direction_phone=&#8220;default&#8220; scene_position=&#8220;center&#8220; text_color=&#8220;dark&#8220; text_align=&#8220;left&#8220; row_border_radius=&#8220;none&#8220; row_border_radius_applies=&#8220;bg&#8220; overlay_strength=&#8220;0.3&#8243; gradient_direction=&#8220;left_to_right&#8220; shape_divider_position=&#8220;bottom&#8220; bg_image_animation=&#8220;none&#8220;][vc_column column_padding=&#8220;no-extra-padding&#8220; column_padding_tablet=&#8220;inherit&#8220; column_padding_phone=&#8220;inherit&#8220; column_padding_position=&#8220;all&#8220; background_color_opacity=&#8220;1&#8243; background_hover_color_opacity=&#8220;1&#8243; column_shadow=&#8220;none&#8220; column_border_radius=&#8220;none&#8220; column_link_target=&#8220;_self&#8220; gradient_direction=&#8220;left_to_right&#8220; overlay_strength=&#8220;0.3&#8243; width=&#8220;1\/1&#8243; tablet_width_inherit=&#8220;default&#8220; tablet_text_alignment=&#8220;default&#8220;&#8230;<\/p>\n","protected":false},"author":1,"featured_media":0,"parent":0,"menu_order":0,"comment_status":"closed","ping_status":"closed","template":"","meta":{"footnotes":""},"class_list":["post-479","page","type-page","status-publish"],"aioseo_notices":[],"_links":{"self":[{"href":"https:\/\/ericsusandpartner.es\/de\/wp-json\/wp\/v2\/pages\/479","targetHints":{"allow":["GET"]}}],"collection":[{"href":"https:\/\/ericsusandpartner.es\/de\/wp-json\/wp\/v2\/pages"}],"about":[{"href":"https:\/\/ericsusandpartner.es\/de\/wp-json\/wp\/v2\/types\/page"}],"author":[{"embeddable":true,"href":"https:\/\/ericsusandpartner.es\/de\/wp-json\/wp\/v2\/users\/1"}],"replies":[{"embeddable":true,"href":"https:\/\/ericsusandpartner.es\/de\/wp-json\/wp\/v2\/comments?post=479"}],"version-history":[{"count":1,"href":"https:\/\/ericsusandpartner.es\/de\/wp-json\/wp\/v2\/pages\/479\/revisions"}],"predecessor-version":[{"id":491,"href":"https:\/\/ericsusandpartner.es\/de\/wp-json\/wp\/v2\/pages\/479\/revisions\/491"}],"wp:attachment":[{"href":"https:\/\/ericsusandpartner.es\/de\/wp-json\/wp\/v2\/media?parent=479"}],"curies":[{"name":"wp","href":"https:\/\/api.w.org\/{rel}","templated":true}]}}