{"id":481,"date":"2020-11-13T09:55:29","date_gmt":"2020-11-13T09:55:29","guid":{"rendered":"http:\/\/ericsusandpartner.es\/gestion-inmobiliaria\/"},"modified":"2021-01-21T09:33:33","modified_gmt":"2021-01-21T09:33:33","slug":"immobilien","status":"publish","type":"page","link":"https:\/\/ericsusandpartner.es\/de\/immobilien\/","title":{"rendered":"IMMOBILIEN"},"content":{"rendered":"[vc_row type=&#8220;in_container&#8220; full_screen_row_position=&#8220;middle&#8220; column_margin=&#8220;default&#8220; column_direction=&#8220;default&#8220; column_direction_tablet=&#8220;default&#8220; column_direction_phone=&#8220;default&#8220; scene_position=&#8220;center&#8220; text_color=&#8220;dark&#8220; text_align=&#8220;left&#8220; row_border_radius=&#8220;none&#8220; row_border_radius_applies=&#8220;bg&#8220; overlay_strength=&#8220;0.3&#8243; gradient_direction=&#8220;left_to_right&#8220; shape_divider_position=&#8220;bottom&#8220; bg_image_animation=&#8220;none&#8220;][vc_column column_padding=&#8220;no-extra-padding&#8220; column_padding_tablet=&#8220;inherit&#8220; column_padding_phone=&#8220;inherit&#8220; column_padding_position=&#8220;all&#8220; background_color_opacity=&#8220;1&#8243; background_hover_color_opacity=&#8220;1&#8243; column_shadow=&#8220;none&#8220; column_border_radius=&#8220;none&#8220; column_link_target=&#8220;_self&#8220; gradient_direction=&#8220;left_to_right&#8220; overlay_strength=&#8220;0.3&#8243; width=&#8220;1\/1&#8243; tablet_width_inherit=&#8220;default&#8220; tablet_text_alignment=&#8220;default&#8220; phone_text_alignment=&#8220;default&#8220; column_border_width=&#8220;none&#8220; column_border_style=&#8220;solid&#8220; bg_image_animation=&#8220;none&#8220;][vc_column_text]Wir verf\u00fcgen \u00fcber eine breite Liste aller Arten von H\u00e4usern, Objekten und Grundst\u00fccken in allen Gemeinden der Insel, die allen Investorenprofilen gerecht wird.<\/p>\n<p>Unsere Immobilienabteilung, bestehend aus Spezialisten mit langj\u00e4hriger Erfahrung auf dem Immobilienmarkt, ber\u00e4t Sie gerne und freundlich unter der Telefonnummer: +34 971686617.<\/p>\n<p>Sie haben einen Kundendienst in Deutsch, Englisch, Franz\u00f6sisch, Spanisch und Katalanisch.<\/p>\n<p>Ebenso bietet unsere Immobilienabteilung Sch\u00e4tzungen, Rechtsberatung, Verkaufs- und Nachverkaufsdienste an, damit sich der Interessent w\u00e4hrend des gesamten Kauf-\/Verkaufsprozesses zuversichtlich und sicher f\u00fchlen kann. Das hei\u00dft, von dem Moment an, in dem beschlossen wird, die Immobilie zum Verkauf anzubieten, bis zur letzten rechtlichen Anforderung, die gestellt und abgeschlossen wird; so werden m\u00f6gliche unvorhergesehene Ereignisse und\/oder Komplikationen minimiert.<\/p>\n<p>Unser gesamtes Immobilienangebot finden Sie unter: <a href=\"http:\/\/www.ericsusandfalk.com\">www.ericsusandfalk.com<\/a>.[\/vc_column_text][\/vc_column][\/vc_row]\n","protected":false},"excerpt":{"rendered":"<p>[vc_row type=&#8220;in_container&#8220; full_screen_row_position=&#8220;middle&#8220; column_margin=&#8220;default&#8220; column_direction=&#8220;default&#8220; column_direction_tablet=&#8220;default&#8220; column_direction_phone=&#8220;default&#8220; scene_position=&#8220;center&#8220; text_color=&#8220;dark&#8220; text_align=&#8220;left&#8220; row_border_radius=&#8220;none&#8220; row_border_radius_applies=&#8220;bg&#8220; overlay_strength=&#8220;0.3&#8243; gradient_direction=&#8220;left_to_right&#8220; shape_divider_position=&#8220;bottom&#8220; bg_image_animation=&#8220;none&#8220;][vc_column column_padding=&#8220;no-extra-padding&#8220; column_padding_tablet=&#8220;inherit&#8220; column_padding_phone=&#8220;inherit&#8220; column_padding_position=&#8220;all&#8220; background_color_opacity=&#8220;1&#8243; background_hover_color_opacity=&#8220;1&#8243; column_shadow=&#8220;none&#8220; column_border_radius=&#8220;none&#8220; column_link_target=&#8220;_self&#8220; gradient_direction=&#8220;left_to_right&#8220; overlay_strength=&#8220;0.3&#8243; width=&#8220;1\/1&#8243; tablet_width_inherit=&#8220;default&#8220; tablet_text_alignment=&#8220;default&#8220;&#8230;<\/p>\n","protected":false},"author":1,"featured_media":0,"parent":0,"menu_order":0,"comment_status":"closed","ping_status":"closed","template":"","meta":{"footnotes":""},"class_list":["post-481","page","type-page","status-publish"],"aioseo_notices":[],"_links":{"self":[{"href":"https:\/\/ericsusandpartner.es\/de\/wp-json\/wp\/v2\/pages\/481","targetHints":{"allow":["GET"]}}],"collection":[{"href":"https:\/\/ericsusandpartner.es\/de\/wp-json\/wp\/v2\/pages"}],"about":[{"href":"https:\/\/ericsusandpartner.es\/de\/wp-json\/wp\/v2\/types\/page"}],"author":[{"embeddable":true,"href":"https:\/\/ericsusandpartner.es\/de\/wp-json\/wp\/v2\/users\/1"}],"replies":[{"embeddable":true,"href":"https:\/\/ericsusandpartner.es\/de\/wp-json\/wp\/v2\/comments?post=481"}],"version-history":[{"count":2,"href":"https:\/\/ericsusandpartner.es\/de\/wp-json\/wp\/v2\/pages\/481\/revisions"}],"predecessor-version":[{"id":493,"href":"https:\/\/ericsusandpartner.es\/de\/wp-json\/wp\/v2\/pages\/481\/revisions\/493"}],"wp:attachment":[{"href":"https:\/\/ericsusandpartner.es\/de\/wp-json\/wp\/v2\/media?parent=481"}],"curies":[{"name":"wp","href":"https:\/\/api.w.org\/{rel}","templated":true}]}}