{"id":483,"date":"2020-11-13T09:53:58","date_gmt":"2020-11-13T09:53:58","guid":{"rendered":"http:\/\/ericsusandpartner.es\/asesoria-legal\/"},"modified":"2021-01-21T09:33:58","modified_gmt":"2021-01-21T09:33:58","slug":"rechtsberatung","status":"publish","type":"page","link":"https:\/\/ericsusandpartner.es\/de\/rechtsberatung\/","title":{"rendered":"RECHTSBERATUNG"},"content":{"rendered":"[vc_row type=&#8220;in_container&#8220; full_screen_row_position=&#8220;middle&#8220; column_margin=&#8220;default&#8220; column_direction=&#8220;default&#8220; column_direction_tablet=&#8220;default&#8220; column_direction_phone=&#8220;default&#8220; scene_position=&#8220;center&#8220; text_color=&#8220;dark&#8220; text_align=&#8220;left&#8220; row_border_radius=&#8220;none&#8220; row_border_radius_applies=&#8220;bg&#8220; overlay_strength=&#8220;0.3&#8243; gradient_direction=&#8220;left_to_right&#8220; shape_divider_position=&#8220;bottom&#8220; bg_image_animation=&#8220;none&#8220;][vc_column column_padding=&#8220;no-extra-padding&#8220; column_padding_tablet=&#8220;inherit&#8220; column_padding_phone=&#8220;inherit&#8220; column_padding_position=&#8220;all&#8220; background_color_opacity=&#8220;1&#8243; background_hover_color_opacity=&#8220;1&#8243; column_shadow=&#8220;none&#8220; column_border_radius=&#8220;none&#8220; column_link_target=&#8220;_self&#8220; gradient_direction=&#8220;left_to_right&#8220; overlay_strength=&#8220;0.3&#8243; width=&#8220;1\/1&#8243; tablet_width_inherit=&#8220;default&#8220; tablet_text_alignment=&#8220;default&#8220; phone_text_alignment=&#8220;default&#8220; column_border_width=&#8220;none&#8220; column_border_style=&#8220;solid&#8220; bg_image_animation=&#8220;none&#8220;][vc_column_text]Rechtsanwalter des illustren Kollegiums der Juristen der Balearen (ICAB):<\/p>\n<p>&#8211; Allgemeine Rechtsberatung. Spezialisierung auf den Immobiliensektor.<\/p>\n<p>&#8211; Kostenlose Rechtsberatung und Unterst\u00fctzung f\u00fcr Betroffene. Mediation mit anderen Eigent\u00fcmern, Nachbarn und Beh\u00f6rden, falls erforderlich.<\/p>\n<p>&#8211; Vorherige au\u00dfergerichtliche Verhandlung und gerichtliche Geltendmachung von Anspr\u00fcchen gegen s\u00e4umige Zahler.<\/p>\n<p>&#8211; Einreichung von R\u00e4umungsklagen.<\/p>\n<p>&#8211; Anzeige von illegalen Ferienvermietungen bei den zust\u00e4ndigen Beh\u00f6rden.<\/p>\n<p>&#8211; Hilfestellung bei der Legalisierung oder Umwidmung von Immobilien und Strukturen.<\/p>\n<p>&#8211; Unterst\u00fctzung bei der Erlangung jeglicher gesetzlicher Anforderungen der Beh\u00f6rden in Gesundheit und Sicherheit f\u00fcr die Ausf\u00fchrung von Arbeiten und Dienstleistungen in den Gemeinschaften, sowie bei der Erlangung oder Erneuerung von Belegungszertifikaten, Energiebescheinigung, usw. f\u00fcr jede einzelne der Wohnungen, aus denen sich die Eigent\u00fcmergemeinschaften zusammensetzen.<\/p>\n<p>&#8211; Konstituierung der Eigent\u00fcmergemeinschaften und Einholung ihrer jeweiligen CIF-Nummer.<\/p>\n<p>&#8211; Ausarbeitung von Satzungen und internen Regelungen und Vorschriften f\u00fcr die Gemeinschaften.<\/p>\n<p>&#8211; Entwurf von Miet- und\/oder Kauf-\/Verkaufsvertr\u00e4gen.<\/p>\n<p>&#8211; Ausgabe von Schuldschein.<\/p>\n<p>&#8211; Studien und Prognosen der wirtschaftlichen Solvenz und Ausstellung von detaillierten wirtschaftlichen Berichten \u00fcber die Immobilien.<\/p>\n<p>&#8211; Erstellung und Vorlage von Steuerunterlagen.<\/p>\n<p>&#8211; Sonstige Beratung und Unterst\u00fctzung\u2026[\/vc_column_text][\/vc_column][\/vc_row]\n","protected":false},"excerpt":{"rendered":"<p>[vc_row type=&#8220;in_container&#8220; full_screen_row_position=&#8220;middle&#8220; column_margin=&#8220;default&#8220; column_direction=&#8220;default&#8220; column_direction_tablet=&#8220;default&#8220; column_direction_phone=&#8220;default&#8220; scene_position=&#8220;center&#8220; text_color=&#8220;dark&#8220; text_align=&#8220;left&#8220; row_border_radius=&#8220;none&#8220; row_border_radius_applies=&#8220;bg&#8220; overlay_strength=&#8220;0.3&#8243; gradient_direction=&#8220;left_to_right&#8220; shape_divider_position=&#8220;bottom&#8220; bg_image_animation=&#8220;none&#8220;][vc_column column_padding=&#8220;no-extra-padding&#8220; column_padding_tablet=&#8220;inherit&#8220; column_padding_phone=&#8220;inherit&#8220; column_padding_position=&#8220;all&#8220; background_color_opacity=&#8220;1&#8243; background_hover_color_opacity=&#8220;1&#8243; column_shadow=&#8220;none&#8220; column_border_radius=&#8220;none&#8220; column_link_target=&#8220;_self&#8220; gradient_direction=&#8220;left_to_right&#8220; overlay_strength=&#8220;0.3&#8243; width=&#8220;1\/1&#8243; tablet_width_inherit=&#8220;default&#8220; tablet_text_alignment=&#8220;default&#8220;&#8230;<\/p>\n","protected":false},"author":1,"featured_media":0,"parent":0,"menu_order":0,"comment_status":"closed","ping_status":"closed","template":"","meta":{"footnotes":""},"class_list":["post-483","page","type-page","status-publish"],"aioseo_notices":[],"_links":{"self":[{"href":"https:\/\/ericsusandpartner.es\/de\/wp-json\/wp\/v2\/pages\/483","targetHints":{"allow":["GET"]}}],"collection":[{"href":"https:\/\/ericsusandpartner.es\/de\/wp-json\/wp\/v2\/pages"}],"about":[{"href":"https:\/\/ericsusandpartner.es\/de\/wp-json\/wp\/v2\/types\/page"}],"author":[{"embeddable":true,"href":"https:\/\/ericsusandpartner.es\/de\/wp-json\/wp\/v2\/users\/1"}],"replies":[{"embeddable":true,"href":"https:\/\/ericsusandpartner.es\/de\/wp-json\/wp\/v2\/comments?post=483"}],"version-history":[{"count":1,"href":"https:\/\/ericsusandpartner.es\/de\/wp-json\/wp\/v2\/pages\/483\/revisions"}],"predecessor-version":[{"id":494,"href":"https:\/\/ericsusandpartner.es\/de\/wp-json\/wp\/v2\/pages\/483\/revisions\/494"}],"wp:attachment":[{"href":"https:\/\/ericsusandpartner.es\/de\/wp-json\/wp\/v2\/media?parent=483"}],"curies":[{"name":"wp","href":"https:\/\/api.w.org\/{rel}","templated":true}]}}