{"id":496,"date":"2021-01-21T08:43:10","date_gmt":"2021-01-21T08:43:10","guid":{"rendered":"http:\/\/ericsusandpartner.es\/nosotros\/"},"modified":"2021-01-21T09:36:38","modified_gmt":"2021-01-21T09:36:38","slug":"ueber-uns","status":"publish","type":"page","link":"https:\/\/ericsusandpartner.es\/de\/ueber-uns\/","title":{"rendered":"\u00dcBER UNS"},"content":{"rendered":"[vc_row type=&#8220;in_container&#8220; full_screen_row_position=&#8220;middle&#8220; column_margin=&#8220;default&#8220; column_direction=&#8220;default&#8220; column_direction_tablet=&#8220;default&#8220; column_direction_phone=&#8220;default&#8220; scene_position=&#8220;center&#8220; text_color=&#8220;dark&#8220; text_align=&#8220;left&#8220; row_border_radius=&#8220;none&#8220; row_border_radius_applies=&#8220;bg&#8220; overlay_strength=&#8220;0.3&#8243; gradient_direction=&#8220;left_to_right&#8220; shape_divider_position=&#8220;bottom&#8220; bg_image_animation=&#8220;none&#8220;][vc_column column_padding=&#8220;no-extra-padding&#8220; column_padding_tablet=&#8220;inherit&#8220; column_padding_phone=&#8220;inherit&#8220; column_padding_position=&#8220;all&#8220; background_color_opacity=&#8220;1&#8243; background_hover_color_opacity=&#8220;1&#8243; column_shadow=&#8220;none&#8220; column_border_radius=&#8220;none&#8220; column_link_target=&#8220;_self&#8220; gradient_direction=&#8220;left_to_right&#8220; overlay_strength=&#8220;0.3&#8243; width=&#8220;1\/1&#8243; tablet_width_inherit=&#8220;default&#8220; tablet_text_alignment=&#8220;default&#8220; phone_text_alignment=&#8220;default&#8220; column_border_width=&#8220;none&#8220; column_border_style=&#8220;solid&#8220; bg_image_animation=&#8220;none&#8220;][vc_column_text]Unser Team verf\u00fcgt \u00fcber umfangreiche Erfahrungen in der integralen Verwaltung sowohl von Eigent\u00fcmergemeinschaften als auch von Privatimmobilien, wobei wir eine 100% durchsichtige Verwaltung als grundlegend und unerl\u00e4sslich erachten, ebenso wie eine dauerhafte, enge und fl\u00fcssige Kommunikation zwischen Eigent\u00fcmer und Verwaltung; um die besten Ergebnisse in der Verwaltung zu garantieren und um Exzellenz in der Qualit\u00e4t unserer umfangreichen Dienstleistungen zu erhalten.<\/p>\n<p>Um dies zu erreichen, haben wir nicht nur das beste Team von Fachleuten und Humankapital, sondern arbeiten auch mit den besten Werkzeugen und fortschrittlichsten Ger\u00e4ten, die derzeit in der Branche existieren.<\/p>\n<p>&nbsp;<\/p>\n<p>Zu unserer umfangreichen T\u00e4tigkeit geh\u00f6ren die folgenden spezialisierten Dienstleistungen:<\/p>\n<p>&#8211; Verwaltung von Eigent\u00fcmergemeinschaftsanlagen.<\/p>\n<p>&#8211; Verwaltung von privaten Immobilien (Wohnungen, Villen, Objekten, usw.)<\/p>\n<p>&#8211; Mietverwaltung jeglicher Art von Immobilien.<\/p>\n<p>&#8211; Immobilien: Wir verf\u00fcgen \u00fcber ein sehr umfangreiches und vielf\u00e4ltige Liste von Immobilien auf der ganzen Insel, das an jedes Investorenprofil angepasst werden kann, sowie \u00fcber eine spezialisierte Abteilung mit umfangreicher Erfahrung in diesem Sektor, die sie jederzeit und auf personalisierte Weise sowohl beim Kauf- als auch beim Verkaufsprozess Ihrer Immobilien begleiten wird.<\/p>\n<p>&#8211; Rechtsberatung: Wir verf\u00fcgen \u00fcber Rechtsberater, die auf den Immobiliensektor spezialisiert sind und Ihnen jederzeit Beratung zur Seite stehen, sowie Ihnen bei eventuellen Rechtsverfahren helfen, wie z.B.: Forderungen wegen Nichtzahlung oder Zahlungsverzug, Einreichung von R\u00e4umungsklagen, usw.<\/p>\n<p>&#8211; Andere erg\u00e4nzende, einzigartige und personalisierte Dienstleistungen, die uns innerhalb des Sektors v\u00f6llig anders machen (siehe andere Dienstleistungen).<\/p>\n<p>Wenn Sie an unseren Dienstleistungen interessiert sind und die beste und umfangreichste Verwaltung f\u00fcr Ihre Immobilie oder Gemeinschaft erhalten m\u00f6chten, z\u00f6gern Sie nicht, weitere Informationen und\/oder einen Kostenvoranschlag \u00fcber die folgende E-Mail-Adresse anzufordern: info@ericsusandpartner.es; oder unter der Telefonnummer: +34 971687721. Wir sprechen Deutsch, Englisch, Spanisch und Katalanisch.[\/vc_column_text][\/vc_column][\/vc_row]\n","protected":false},"excerpt":{"rendered":"<p>[vc_row type=&#8220;in_container&#8220; full_screen_row_position=&#8220;middle&#8220; column_margin=&#8220;default&#8220; column_direction=&#8220;default&#8220; column_direction_tablet=&#8220;default&#8220; column_direction_phone=&#8220;default&#8220; scene_position=&#8220;center&#8220; text_color=&#8220;dark&#8220; text_align=&#8220;left&#8220; row_border_radius=&#8220;none&#8220; row_border_radius_applies=&#8220;bg&#8220; overlay_strength=&#8220;0.3&#8243; gradient_direction=&#8220;left_to_right&#8220; shape_divider_position=&#8220;bottom&#8220; bg_image_animation=&#8220;none&#8220;][vc_column column_padding=&#8220;no-extra-padding&#8220; column_padding_tablet=&#8220;inherit&#8220; column_padding_phone=&#8220;inherit&#8220; column_padding_position=&#8220;all&#8220; background_color_opacity=&#8220;1&#8243; background_hover_color_opacity=&#8220;1&#8243; column_shadow=&#8220;none&#8220; column_border_radius=&#8220;none&#8220; column_link_target=&#8220;_self&#8220; gradient_direction=&#8220;left_to_right&#8220; overlay_strength=&#8220;0.3&#8243; width=&#8220;1\/1&#8243; tablet_width_inherit=&#8220;default&#8220; tablet_text_alignment=&#8220;default&#8220;&#8230;<\/p>\n","protected":false},"author":1,"featured_media":0,"parent":0,"menu_order":0,"comment_status":"closed","ping_status":"closed","template":"","meta":{"footnotes":""},"class_list":["post-496","page","type-page","status-publish"],"aioseo_notices":[],"_links":{"self":[{"href":"https:\/\/ericsusandpartner.es\/de\/wp-json\/wp\/v2\/pages\/496","targetHints":{"allow":["GET"]}}],"collection":[{"href":"https:\/\/ericsusandpartner.es\/de\/wp-json\/wp\/v2\/pages"}],"about":[{"href":"https:\/\/ericsusandpartner.es\/de\/wp-json\/wp\/v2\/types\/page"}],"author":[{"embeddable":true,"href":"https:\/\/ericsusandpartner.es\/de\/wp-json\/wp\/v2\/users\/1"}],"replies":[{"embeddable":true,"href":"https:\/\/ericsusandpartner.es\/de\/wp-json\/wp\/v2\/comments?post=496"}],"version-history":[{"count":1,"href":"https:\/\/ericsusandpartner.es\/de\/wp-json\/wp\/v2\/pages\/496\/revisions"}],"predecessor-version":[{"id":499,"href":"https:\/\/ericsusandpartner.es\/de\/wp-json\/wp\/v2\/pages\/496\/revisions\/499"}],"wp:attachment":[{"href":"https:\/\/ericsusandpartner.es\/de\/wp-json\/wp\/v2\/media?parent=496"}],"curies":[{"name":"wp","href":"https:\/\/api.w.org\/{rel}","templated":true}]}}